{"id":1268,"date":"2025-11-04T07:41:45","date_gmt":"2025-11-04T07:41:45","guid":{"rendered":"https:\/\/happyshop.tn\/?post_type=product&#038;p=1268"},"modified":"2025-11-04T07:41:45","modified_gmt":"2025-11-04T07:41:45","slug":"voilage-bleu-ciel","status":"publish","type":"product","link":"https:\/\/happyshop.tn\/index.php\/produit\/voilage-bleu-ciel\/","title":{"rendered":"Voilage Bleu Ciel"},"content":{"rendered":"<p>Apportez douceur et lumi\u00e8re \u00e0 votre maison avec nos rideaux.<br \/>\nLeur tissu transparent filtre la clart\u00e9 du soleil tout en gardant une ambiance fra\u00eeche et apaisante.<br \/>\nLes plis l\u00e9gers cr\u00e9ent une atmosph\u00e8re pleine d\u2019\u00e9l\u00e9gance et de s\u00e9r\u00e9nit\u00e9. \ud83c\udf24\ufe0f<\/p>\n","protected":false},"excerpt":{"rendered":"<p>Apportez douceur et lumi\u00e8re \u00e0 votre maison avec nos rideaux. Leur tissu transparent filtre la clart\u00e9 du soleil tout en gardant une ambiance fra\u00eeche et apaisante. Les plis l\u00e9gers cr\u00e9ent<\/p>\n","protected":false},"featured_media":1269,"comment_status":"open","ping_status":"closed","template":"","meta":[],"product_brand":[],"product_cat":[159,154],"product_tag":[],"class_list":{"0":"post-1268","1":"product","2":"type-product","3":"status-publish","6":"product_cat-rideaux","7":"product_cat-voilages","9":"first","10":"instock","11":"sale","12":"shipping-taxable","13":"purchasable","14":"product-type-simple"},"_links":{"self":[{"href":"https:\/\/happyshop.tn\/index.php\/wp-json\/wp\/v2\/product\/1268","targetHints":{"allow":["GET"]}}],"collection":[{"href":"https:\/\/happyshop.tn\/index.php\/wp-json\/wp\/v2\/product"}],"about":[{"href":"https:\/\/happyshop.tn\/index.php\/wp-json\/wp\/v2\/types\/product"}],"replies":[{"embeddable":true,"href":"https:\/\/happyshop.tn\/index.php\/wp-json\/wp\/v2\/comments?post=1268"}],"wp:featuredmedia":[{"embeddable":true,"href":"https:\/\/happyshop.tn\/index.php\/wp-json\/wp\/v2\/media\/1269"}],"wp:attachment":[{"href":"https:\/\/happyshop.tn\/index.php\/wp-json\/wp\/v2\/media?parent=1268"}],"wp:term":[{"taxonomy":"product_brand","embeddable":true,"href":"https:\/\/happyshop.tn\/index.php\/wp-json\/wp\/v2\/product_brand?post=1268"},{"taxonomy":"product_cat","embeddable":true,"href":"https:\/\/happyshop.tn\/index.php\/wp-json\/wp\/v2\/product_cat?post=1268"},{"taxonomy":"product_tag","embeddable":true,"href":"https:\/\/happyshop.tn\/index.php\/wp-json\/wp\/v2\/product_tag?post=1268"}],"curies":[{"name":"wp","href":"https:\/\/api.w.org\/{rel}","templated":true}]}}