{"id":1263,"date":"2025-11-03T15:35:41","date_gmt":"2025-11-03T15:35:41","guid":{"rendered":"https:\/\/happyshop.tn\/?post_type=product&#038;p=1263"},"modified":"2025-11-03T15:35:41","modified_gmt":"2025-11-03T15:35:41","slug":"voilage-bordeaux","status":"publish","type":"product","link":"http:\/\/happyshop.tn\/index.php\/produit\/voilage-bordeaux\/","title":{"rendered":"Voilage Bordeaux"},"content":{"rendered":"<p>Apportez douceur et lumi\u00e8re \u00e0 votre maison avec les rideaux STENFR\u00d6.<br \/>\nLeur tissu transparent filtre la clart\u00e9 du soleil tout en gardant une ambiance fra\u00eeche et apaisante.<br \/>\nLes plis l\u00e9gers cr\u00e9ent une atmosph\u00e8re pleine d\u2019\u00e9l\u00e9gance et de s\u00e9r\u00e9nit\u00e9.\u00a0\ud83c\udf24\ufe0f<\/p>\n","protected":false},"excerpt":{"rendered":"<p>Apportez douceur et lumi\u00e8re \u00e0 votre maison avec les rideaux STENFR\u00d6. Leur tissu transparent filtre la clart\u00e9 du soleil tout en gardant une ambiance fra\u00eeche et apaisante. Les plis l\u00e9gers<\/p>\n","protected":false},"featured_media":1264,"comment_status":"open","ping_status":"closed","template":"","meta":[],"product_brand":[],"product_cat":[159,154],"product_tag":[],"class_list":{"0":"post-1263","1":"product","2":"type-product","3":"status-publish","6":"product_cat-rideaux","7":"product_cat-voilages","9":"first","10":"instock","11":"sale","12":"shipping-taxable","13":"purchasable","14":"product-type-simple"},"_links":{"self":[{"href":"http:\/\/happyshop.tn\/index.php\/wp-json\/wp\/v2\/product\/1263","targetHints":{"allow":["GET"]}}],"collection":[{"href":"http:\/\/happyshop.tn\/index.php\/wp-json\/wp\/v2\/product"}],"about":[{"href":"http:\/\/happyshop.tn\/index.php\/wp-json\/wp\/v2\/types\/product"}],"replies":[{"embeddable":true,"href":"http:\/\/happyshop.tn\/index.php\/wp-json\/wp\/v2\/comments?post=1263"}],"wp:featuredmedia":[{"embeddable":true,"href":"http:\/\/happyshop.tn\/index.php\/wp-json\/wp\/v2\/media\/1264"}],"wp:attachment":[{"href":"http:\/\/happyshop.tn\/index.php\/wp-json\/wp\/v2\/media?parent=1263"}],"wp:term":[{"taxonomy":"product_brand","embeddable":true,"href":"http:\/\/happyshop.tn\/index.php\/wp-json\/wp\/v2\/product_brand?post=1263"},{"taxonomy":"product_cat","embeddable":true,"href":"http:\/\/happyshop.tn\/index.php\/wp-json\/wp\/v2\/product_cat?post=1263"},{"taxonomy":"product_tag","embeddable":true,"href":"http:\/\/happyshop.tn\/index.php\/wp-json\/wp\/v2\/product_tag?post=1263"}],"curies":[{"name":"wp","href":"https:\/\/api.w.org\/{rel}","templated":true}]}}