{"id":1217,"date":"2025-10-27T12:57:51","date_gmt":"2025-10-27T12:57:51","guid":{"rendered":"https:\/\/happyshop.tn\/?post_type=product&#038;p=1217"},"modified":"2026-03-14T20:50:02","modified_gmt":"2026-03-14T20:50:02","slug":"coussin-gris","status":"publish","type":"product","link":"http:\/\/happyshop.tn\/index.php\/produit\/coussin-gris\/","title":{"rendered":"Coussin Gris"},"content":{"rendered":"<h3 data-start=\"110\" data-end=\"162\"><strong data-start=\"114\" data-end=\"160\">Coussin D\u00e9coratif en Velours Luxe 40\u00d740 cm<\/strong><\/h3>\n<p data-start=\"163\" data-end=\"226\"><strong data-start=\"163\" data-end=\"226\">Transformez votre int\u00e9rieur avec une touche de raffinement.<\/strong><\/p>\n<p data-start=\"228\" data-end=\"452\">Apportez \u00e9l\u00e9gance et confort \u00e0 votre espace gr\u00e2ce au\u00a0<strong data-start=\"281\" data-end=\"327\">Coussin D\u00e9coratif en Velours Luxe 40\u00d740 cm<\/strong>. Son design soign\u00e9 et son tissu d\u2019une douceur exquise en font un accessoire incontournable pour sublimer votre d\u00e9coration.<\/p>\n<p data-start=\"454\" data-end=\"478\"><strong data-start=\"454\" data-end=\"476\">Caract\u00e9ristiques :<\/strong><\/p>\n<ul data-start=\"479\" data-end=\"631\">\n<li data-start=\"479\" data-end=\"510\">\n<p data-start=\"481\" data-end=\"510\"><strong data-start=\"481\" data-end=\"497\">Dimensions :<\/strong>\u00a040 \u00d7 40 cm<\/p>\n<\/li>\n<li data-start=\"511\" data-end=\"553\">\n<p data-start=\"513\" data-end=\"553\"><strong data-start=\"513\" data-end=\"527\">Mat\u00e9riau :<\/strong>\u00a0Velours doux et luxueux<\/p>\n<\/li>\n<li data-start=\"554\" data-end=\"631\">\n<p data-start=\"556\" data-end=\"631\"><strong data-start=\"556\" data-end=\"582\">Couleurs disponibles :<\/strong>\u00a0Rouge, gris, bleu roi, vert, mauve, rose, noir<\/p>\n<\/li>\n<\/ul>\n<p data-start=\"633\" data-end=\"651\"><strong data-start=\"633\" data-end=\"649\">Ses atouts :<\/strong><\/p>\n<ul>\n<li>\n<ul data-start=\"652\" data-end=\"1121\">\n<li data-start=\"652\" data-end=\"774\">\n<p data-start=\"654\" data-end=\"774\"><strong data-start=\"654\" data-end=\"680\">Confort exceptionnel :<\/strong>\u00a0Le velours offre une sensation de douceur incomparable, id\u00e9ale pour vos moments de d\u00e9tente.<\/p>\n<\/li>\n<li data-start=\"775\" data-end=\"906\">\n<p data-start=\"777\" data-end=\"906\"><strong data-start=\"777\" data-end=\"804\">\u00c9l\u00e9gance intemporelle :<\/strong>\u00a0Ses teintes tendance et sa texture raffin\u00e9e s\u2019accordent parfaitement \u00e0 tous les styles d\u2019int\u00e9rieur.<\/p>\n<\/li>\n<li data-start=\"907\" data-end=\"1012\">\n<p data-start=\"909\" data-end=\"1012\"><strong data-start=\"909\" data-end=\"926\">Polyvalence :<\/strong>\u00a0Parfait sur un canap\u00e9, un fauteuil ou un lit, il s\u2019adapte \u00e0 toutes vos envies d\u00e9co.<\/p>\n<\/li>\n<li data-start=\"1013\" data-end=\"1121\">\n<p data-start=\"1015\" data-end=\"1121\"><strong data-start=\"1015\" data-end=\"1037\">Entretien facile :<\/strong>\u00a0Le velours se nettoie ais\u00e9ment et conserve son aspect impeccable au fil du temps.<\/p>\n<\/li>\n<\/ul>\n<\/li>\n<\/ul>\n","protected":false},"excerpt":{"rendered":"<p data-start=\"127\" data-end=\"296\">Apportez douceur et \u00e9l\u00e9gance \u00e0 votre int\u00e9rieur avec cette housse de coussin en velours. Son toucher soyeux et ses couleurs tendance subliment votre d\u00e9co en un instant.<\/p>\n<p data-start=\"127\" data-end=\"296\"><strong data-start=\"316\" data-end=\"332\">Dimensions :<\/strong>\u00a040 \u00d7 40 cm<\/p>\n<p data-start=\"127\" data-end=\"296\"><strong data-start=\"348\" data-end=\"361\">Mati\u00e8re :<\/strong>\u00a0Velours doux et luxueux<\/p>\n","protected":false},"featured_media":1210,"comment_status":"open","ping_status":"closed","template":"","meta":[],"product_brand":[],"product_cat":[165,162],"product_tag":[],"class_list":{"0":"post-1217","1":"product","2":"type-product","3":"status-publish","6":"product_cat-coussin-de-decoration","7":"product_cat-deco","9":"first","10":"instock","11":"sale","12":"shipping-taxable","13":"purchasable","14":"product-type-variable"},"_links":{"self":[{"href":"http:\/\/happyshop.tn\/index.php\/wp-json\/wp\/v2\/product\/1217","targetHints":{"allow":["GET"]}}],"collection":[{"href":"http:\/\/happyshop.tn\/index.php\/wp-json\/wp\/v2\/product"}],"about":[{"href":"http:\/\/happyshop.tn\/index.php\/wp-json\/wp\/v2\/types\/product"}],"replies":[{"embeddable":true,"href":"http:\/\/happyshop.tn\/index.php\/wp-json\/wp\/v2\/comments?post=1217"}],"wp:featuredmedia":[{"embeddable":true,"href":"http:\/\/happyshop.tn\/index.php\/wp-json\/wp\/v2\/media\/1210"}],"wp:attachment":[{"href":"http:\/\/happyshop.tn\/index.php\/wp-json\/wp\/v2\/media?parent=1217"}],"wp:term":[{"taxonomy":"product_brand","embeddable":true,"href":"http:\/\/happyshop.tn\/index.php\/wp-json\/wp\/v2\/product_brand?post=1217"},{"taxonomy":"product_cat","embeddable":true,"href":"http:\/\/happyshop.tn\/index.php\/wp-json\/wp\/v2\/product_cat?post=1217"},{"taxonomy":"product_tag","embeddable":true,"href":"http:\/\/happyshop.tn\/index.php\/wp-json\/wp\/v2\/product_tag?post=1217"}],"curies":[{"name":"wp","href":"https:\/\/api.w.org\/{rel}","templated":true}]}}